{"id":455,"date":"2024-06-17T22:51:50","date_gmt":"2024-06-17T22:51:50","guid":{"rendered":"https:\/\/cosmedica.medisupplymx.com\/?post_type=product&#038;p=455"},"modified":"2024-06-17T23:40:00","modified_gmt":"2024-06-17T23:40:00","slug":"crema-facial-de-vitamina-c","status":"publish","type":"product","link":"https:\/\/cosmedica.medisupplymx.com\/?product=crema-facial-de-vitamina-c","title":{"rendered":"Crema Facial de Vitamina C"},"content":{"rendered":"<p><strong>DETALLES<\/strong><\/p>\n<p>Crema humectante con potentes antioxidantes, formulada para proteger y combatir los efectos perjudiciales causados por la exposici\u00f3n al sol y los rayos UV.<\/p>\n<p>Adicionada con ingredientes nutritivos como: T\u00e9 verde, Manteca de Karit\u00e9 y Tocoferol (Vitamina E)\u00a0 que funcionan de forma sin\u00e9rgica para la m\u00e1xima protecci\u00f3n y correcci\u00f3n del envejecimiento de la piel.<\/p>\n<p>Tama\u00f1o: 2 oz<\/p>\n","protected":false},"excerpt":{"rendered":"<p><strong>DETALLES<\/strong><\/p>\n<p>Crema humectante con potentes antioxidantes, formulada para proteger y combatir los efectos perjudiciales causados por la exposici\u00f3n al sol y los rayos UV.<\/p>\n<p>Adicionada con ingredientes nutritivos como: T\u00e9 verde, Manteca de Karit\u00e9 y Tocoferol (Vitamina E)\u00a0 que funcionan de forma sin\u00e9rgica para la m\u00e1xima protecci\u00f3n y correcci\u00f3n del envejecimiento de la piel.<\/p>\n<p>Tama\u00f1o: 2 oz<\/p>\n","protected":false},"featured_media":456,"comment_status":"open","ping_status":"closed","template":"","meta":[],"product_cat":[15],"product_tag":[],"class_list":{"0":"post-455","1":"product","2":"type-product","3":"status-publish","4":"has-post-thumbnail","6":"product_cat-uncategorized","8":"first","9":"instock","10":"featured","11":"shipping-taxable","12":"purchasable","13":"product-type-simple"},"_links":{"self":[{"href":"https:\/\/cosmedica.medisupplymx.com\/index.php?rest_route=\/wp\/v2\/product\/455","targetHints":{"allow":["GET"]}}],"collection":[{"href":"https:\/\/cosmedica.medisupplymx.com\/index.php?rest_route=\/wp\/v2\/product"}],"about":[{"href":"https:\/\/cosmedica.medisupplymx.com\/index.php?rest_route=\/wp\/v2\/types\/product"}],"replies":[{"embeddable":true,"href":"https:\/\/cosmedica.medisupplymx.com\/index.php?rest_route=%2Fwp%2Fv2%2Fcomments&post=455"}],"wp:featuredmedia":[{"embeddable":true,"href":"https:\/\/cosmedica.medisupplymx.com\/index.php?rest_route=\/wp\/v2\/media\/456"}],"wp:attachment":[{"href":"https:\/\/cosmedica.medisupplymx.com\/index.php?rest_route=%2Fwp%2Fv2%2Fmedia&parent=455"}],"wp:term":[{"taxonomy":"product_cat","embeddable":true,"href":"https:\/\/cosmedica.medisupplymx.com\/index.php?rest_route=%2Fwp%2Fv2%2Fproduct_cat&post=455"},{"taxonomy":"product_tag","embeddable":true,"href":"https:\/\/cosmedica.medisupplymx.com\/index.php?rest_route=%2Fwp%2Fv2%2Fproduct_tag&post=455"}],"curies":[{"name":"wp","href":"https:\/\/api.w.org\/{rel}","templated":true}]}}