{"id":447,"date":"2024-06-17T22:50:01","date_gmt":"2024-06-17T22:50:01","guid":{"rendered":"https:\/\/cosmedica.medisupplymx.com\/?post_type=product&#038;p=447"},"modified":"2024-06-17T23:40:05","modified_gmt":"2024-06-17T23:40:05","slug":"limpiador-facial-de-vitamina-c","status":"publish","type":"product","link":"https:\/\/cosmedica.medisupplymx.com\/?product=limpiador-facial-de-vitamina-c","title":{"rendered":"Limpiador Facial de Vitamina C"},"content":{"rendered":"<p><strong>DETALLES<\/strong><\/p>\n<p>Limpia, repara y revela un tono m\u00e1s uniforme y con mayor luminosidad.<\/p>\n<p>Formula rica en antioxidantes que ayudan a estimular la producci\u00f3n de col\u00e1geno y elastina, mientras protegen las c\u00e9lulas de los da\u00f1os causados por los radicales libres.<\/p>\n<p>Tama\u00f1o: 4 oz<\/p>\n","protected":false},"excerpt":{"rendered":"<p><strong>DETALLES<\/strong><\/p>\n<p>Limpia, repara y revela un tono m\u00e1s uniforme y con mayor luminosidad.<\/p>\n<p>Formula rica en antioxidantes que ayudan a estimular la producci\u00f3n de col\u00e1geno y elastina, mientras protegen las c\u00e9lulas de los da\u00f1os causados por los radicales libres.<\/p>\n<p>Tama\u00f1o: 4 oz<\/p>\n","protected":false},"featured_media":448,"comment_status":"open","ping_status":"closed","template":"","meta":[],"product_cat":[15],"product_tag":[],"class_list":{"0":"post-447","1":"product","2":"type-product","3":"status-publish","4":"has-post-thumbnail","6":"product_cat-uncategorized","8":"first","9":"instock","10":"featured","11":"shipping-taxable","12":"purchasable","13":"product-type-simple"},"_links":{"self":[{"href":"https:\/\/cosmedica.medisupplymx.com\/index.php?rest_route=\/wp\/v2\/product\/447","targetHints":{"allow":["GET"]}}],"collection":[{"href":"https:\/\/cosmedica.medisupplymx.com\/index.php?rest_route=\/wp\/v2\/product"}],"about":[{"href":"https:\/\/cosmedica.medisupplymx.com\/index.php?rest_route=\/wp\/v2\/types\/product"}],"replies":[{"embeddable":true,"href":"https:\/\/cosmedica.medisupplymx.com\/index.php?rest_route=%2Fwp%2Fv2%2Fcomments&post=447"}],"wp:featuredmedia":[{"embeddable":true,"href":"https:\/\/cosmedica.medisupplymx.com\/index.php?rest_route=\/wp\/v2\/media\/448"}],"wp:attachment":[{"href":"https:\/\/cosmedica.medisupplymx.com\/index.php?rest_route=%2Fwp%2Fv2%2Fmedia&parent=447"}],"wp:term":[{"taxonomy":"product_cat","embeddable":true,"href":"https:\/\/cosmedica.medisupplymx.com\/index.php?rest_route=%2Fwp%2Fv2%2Fproduct_cat&post=447"},{"taxonomy":"product_tag","embeddable":true,"href":"https:\/\/cosmedica.medisupplymx.com\/index.php?rest_route=%2Fwp%2Fv2%2Fproduct_tag&post=447"}],"curies":[{"name":"wp","href":"https:\/\/api.w.org\/{rel}","templated":true}]}}