{"id":432,"date":"2024-06-17T22:42:50","date_gmt":"2024-06-17T22:42:50","guid":{"rendered":"https:\/\/cosmedica.medisupplymx.com\/?post_type=product&#038;p=432"},"modified":"2024-06-17T23:40:07","modified_gmt":"2024-06-17T23:40:07","slug":"balsamo-facial-super-nutriente","status":"publish","type":"product","link":"https:\/\/cosmedica.medisupplymx.com\/?product=balsamo-facial-super-nutriente","title":{"rendered":"B\u00e1lsamo Facial S\u00faper Nutriente"},"content":{"rendered":"<p><strong>DETALLES<\/strong><\/p>\n<p>F\u00f3rmula rica en nutrientes como Queratina, MSM, T\u00e9 verde y Vitamina C; activos que logran penetrar profundamente en la piel para estimular y nutrir las c\u00e9lulas desde dentro.<\/p>\n<p>Adicionada con rosa mosqueta ideal para combatir la flacidez, l\u00edneas de expresi\u00f3n, cicatrices y manchas. Hidrata y restaura la piel ofreciendo beneficios antienvejecimiento.<\/p>\n<p>Tama\u00f1o: 0.7 oz<\/p>\n","protected":false},"excerpt":{"rendered":"<p><strong>DETALLES<\/strong><\/p>\n<p>F\u00f3rmula rica en nutrientes como Queratina, MSM, T\u00e9 verde y Vitamina C; activos que logran penetrar profundamente en la piel para estimular y nutrir las c\u00e9lulas desde dentro.<\/p>\n<p>Adicionada con rosa mosqueta ideal para combatir la flacidez, l\u00edneas de expresi\u00f3n, cicatrices y manchas. Hidrata y restaura la piel ofreciendo beneficios antienvejecimiento.<\/p>\n<p>Tama\u00f1o: 0.7 oz<\/p>\n","protected":false},"featured_media":433,"comment_status":"open","ping_status":"closed","template":"","meta":[],"product_cat":[15],"product_tag":[],"class_list":{"0":"post-432","1":"product","2":"type-product","3":"status-publish","4":"has-post-thumbnail","6":"product_cat-uncategorized","8":"first","9":"instock","10":"featured","11":"shipping-taxable","12":"purchasable","13":"product-type-simple"},"_links":{"self":[{"href":"https:\/\/cosmedica.medisupplymx.com\/index.php?rest_route=\/wp\/v2\/product\/432","targetHints":{"allow":["GET"]}}],"collection":[{"href":"https:\/\/cosmedica.medisupplymx.com\/index.php?rest_route=\/wp\/v2\/product"}],"about":[{"href":"https:\/\/cosmedica.medisupplymx.com\/index.php?rest_route=\/wp\/v2\/types\/product"}],"replies":[{"embeddable":true,"href":"https:\/\/cosmedica.medisupplymx.com\/index.php?rest_route=%2Fwp%2Fv2%2Fcomments&post=432"}],"wp:featuredmedia":[{"embeddable":true,"href":"https:\/\/cosmedica.medisupplymx.com\/index.php?rest_route=\/wp\/v2\/media\/433"}],"wp:attachment":[{"href":"https:\/\/cosmedica.medisupplymx.com\/index.php?rest_route=%2Fwp%2Fv2%2Fmedia&parent=432"}],"wp:term":[{"taxonomy":"product_cat","embeddable":true,"href":"https:\/\/cosmedica.medisupplymx.com\/index.php?rest_route=%2Fwp%2Fv2%2Fproduct_cat&post=432"},{"taxonomy":"product_tag","embeddable":true,"href":"https:\/\/cosmedica.medisupplymx.com\/index.php?rest_route=%2Fwp%2Fv2%2Fproduct_tag&post=432"}],"curies":[{"name":"wp","href":"https:\/\/api.w.org\/{rel}","templated":true}]}}