{"id":415,"date":"2024-06-17T22:39:35","date_gmt":"2024-06-17T22:39:35","guid":{"rendered":"https:\/\/cosmedica.medisupplymx.com\/?post_type=product&#038;p=415"},"modified":"2024-06-17T23:40:15","modified_gmt":"2024-06-17T23:40:15","slug":"super-suero-de-vitamina-c","status":"publish","type":"product","link":"https:\/\/cosmedica.medisupplymx.com\/?product=super-suero-de-vitamina-c","title":{"rendered":"S\u00faper Suero de Vitamina C"},"content":{"rendered":"<p><strong>DETALLES<\/strong><\/p>\n<p>La vitamina C es ideal para aportar luminosidad a la piel. Suero con triple poder antioxidante y doble poder de hidrataci\u00f3n. Los antioxidantes ayudan a estimular la producci\u00f3n de col\u00e1geno y elastina y protegen tu piel de los da\u00f1os causados por los radicales libres y Hylasyn\u00ae mezcla patentada de Cosm\u00e9dica (\u00c1cido Hialur\u00f3nico de bajo y medio peso molecular) que hidrata todas las capas de la piel.\u00a0 Se recomienda para tratar las pieles foto envejecidas y\/o con manchas. Ideal para pieles pigmentadas y opacas.<\/p>\n<p>Tama\u00f1o: 1 oz y 2 oz<\/p>\n","protected":false},"excerpt":{"rendered":"<p><strong>DETALLES<\/strong><\/p>\n<p>La vitamina C es ideal para aportar luminosidad a la piel. Suero con triple poder antioxidante y doble poder de hidrataci\u00f3n. Los antioxidantes ayudan a estimular la producci\u00f3n de col\u00e1geno y elastina y protegen tu piel de los da\u00f1os causados por los radicales libres y Hylasyn\u00ae mezcla patentada de Cosm\u00e9dica (\u00c1cido Hialur\u00f3nico de bajo y medio peso molecular) que hidrata todas las capas de la piel.\u00a0 Se recomienda para tratar las pieles foto envejecidas y\/o con manchas. Ideal para pieles pigmentadas y opacas.<\/p>\n<p>Tama\u00f1o: 1 oz y 2 oz<\/p>\n","protected":false},"featured_media":416,"comment_status":"open","ping_status":"closed","template":"","meta":[],"product_cat":[15],"product_tag":[],"class_list":{"0":"post-415","1":"product","2":"type-product","3":"status-publish","4":"has-post-thumbnail","6":"product_cat-uncategorized","8":"first","9":"instock","10":"featured","11":"shipping-taxable","12":"purchasable","13":"product-type-simple"},"_links":{"self":[{"href":"https:\/\/cosmedica.medisupplymx.com\/index.php?rest_route=\/wp\/v2\/product\/415","targetHints":{"allow":["GET"]}}],"collection":[{"href":"https:\/\/cosmedica.medisupplymx.com\/index.php?rest_route=\/wp\/v2\/product"}],"about":[{"href":"https:\/\/cosmedica.medisupplymx.com\/index.php?rest_route=\/wp\/v2\/types\/product"}],"replies":[{"embeddable":true,"href":"https:\/\/cosmedica.medisupplymx.com\/index.php?rest_route=%2Fwp%2Fv2%2Fcomments&post=415"}],"wp:featuredmedia":[{"embeddable":true,"href":"https:\/\/cosmedica.medisupplymx.com\/index.php?rest_route=\/wp\/v2\/media\/416"}],"wp:attachment":[{"href":"https:\/\/cosmedica.medisupplymx.com\/index.php?rest_route=%2Fwp%2Fv2%2Fmedia&parent=415"}],"wp:term":[{"taxonomy":"product_cat","embeddable":true,"href":"https:\/\/cosmedica.medisupplymx.com\/index.php?rest_route=%2Fwp%2Fv2%2Fproduct_cat&post=415"},{"taxonomy":"product_tag","embeddable":true,"href":"https:\/\/cosmedica.medisupplymx.com\/index.php?rest_route=%2Fwp%2Fv2%2Fproduct_tag&post=415"}],"curies":[{"name":"wp","href":"https:\/\/api.w.org\/{rel}","templated":true}]}}