{"id":407,"date":"2024-06-17T22:37:20","date_gmt":"2024-06-17T22:37:20","guid":{"rendered":"https:\/\/cosmedica.medisupplymx.com\/?post_type=product&#038;p=407"},"modified":"2024-06-17T23:40:16","modified_gmt":"2024-06-17T23:40:16","slug":"suero-iluminador-rose-gold-antiage","status":"publish","type":"product","link":"https:\/\/cosmedica.medisupplymx.com\/?product=suero-iluminador-rose-gold-antiage","title":{"rendered":"Suero Iluminador Rose Gold Antiage"},"content":{"rendered":"<p><strong>DETALLES<\/strong><\/p>\n<p>Suero antiedad con \u00e1cido hialur\u00f3nico de bajo y medio peso molecular que combina activos antioxidantes, antiinflamatorios y regeneradores.<\/p>\n<p>Contiene di\u00f3xido de titanio que bloquea y absorbe los rayos ultravioleta; alfa hidroxi\u00e1cidos (AHAs) que minimizan la apariencia de las arrugas, promueven la renovaci\u00f3n natural de la piel y favorecen la producci\u00f3n de col\u00e1geno.<\/p>\n<p>Previene y corrige el da\u00f1o causado por los radicales libres, ambiente y edad.<\/p>\n<p>Aporta luminosidad gracias a sus part\u00edculas iridiscentes.<\/p>\n<p>Tama\u00f1o: 2oz<\/p>\n","protected":false},"excerpt":{"rendered":"<p><strong>DETALLES<\/strong><\/p>\n<p>Suero antiedad con \u00e1cido hialur\u00f3nico de bajo y medio peso molecular que combina activos antioxidantes, antiinflamatorios y regeneradores.<\/p>\n<p>Contiene di\u00f3xido de titanio que bloquea y absorbe los rayos ultravioleta; alfa hidroxi\u00e1cidos (AHAs) que minimizan la apariencia de las arrugas, promueven la renovaci\u00f3n natural de la piel y favorecen la producci\u00f3n de col\u00e1geno.<\/p>\n<p>Previene y corrige el da\u00f1o causado por los radicales libres, ambiente y edad.<\/p>\n<p>Aporta luminosidad gracias a sus part\u00edculas iridiscentes.<\/p>\n<p>Tama\u00f1o: 2oz<\/p>\n","protected":false},"featured_media":408,"comment_status":"open","ping_status":"closed","template":"","meta":[],"product_cat":[15],"product_tag":[],"class_list":{"0":"post-407","1":"product","2":"type-product","3":"status-publish","4":"has-post-thumbnail","6":"product_cat-uncategorized","8":"first","9":"instock","10":"featured","11":"shipping-taxable","12":"purchasable","13":"product-type-simple"},"_links":{"self":[{"href":"https:\/\/cosmedica.medisupplymx.com\/index.php?rest_route=\/wp\/v2\/product\/407","targetHints":{"allow":["GET"]}}],"collection":[{"href":"https:\/\/cosmedica.medisupplymx.com\/index.php?rest_route=\/wp\/v2\/product"}],"about":[{"href":"https:\/\/cosmedica.medisupplymx.com\/index.php?rest_route=\/wp\/v2\/types\/product"}],"replies":[{"embeddable":true,"href":"https:\/\/cosmedica.medisupplymx.com\/index.php?rest_route=%2Fwp%2Fv2%2Fcomments&post=407"}],"wp:featuredmedia":[{"embeddable":true,"href":"https:\/\/cosmedica.medisupplymx.com\/index.php?rest_route=\/wp\/v2\/media\/408"}],"wp:attachment":[{"href":"https:\/\/cosmedica.medisupplymx.com\/index.php?rest_route=%2Fwp%2Fv2%2Fmedia&parent=407"}],"wp:term":[{"taxonomy":"product_cat","embeddable":true,"href":"https:\/\/cosmedica.medisupplymx.com\/index.php?rest_route=%2Fwp%2Fv2%2Fproduct_cat&post=407"},{"taxonomy":"product_tag","embeddable":true,"href":"https:\/\/cosmedica.medisupplymx.com\/index.php?rest_route=%2Fwp%2Fv2%2Fproduct_tag&post=407"}],"curies":[{"name":"wp","href":"https:\/\/api.w.org\/{rel}","templated":true}]}}