{"id":389,"date":"2024-06-17T21:10:21","date_gmt":"2024-06-17T21:10:21","guid":{"rendered":"https:\/\/cosmedica.medisupplymx.com\/?post_type=product&#038;p=389"},"modified":"2024-06-17T23:40:17","modified_gmt":"2024-06-17T23:40:17","slug":"suero-de-retinol-al-2-5","status":"publish","type":"product","link":"https:\/\/cosmedica.medisupplymx.com\/?product=suero-de-retinol-al-2-5","title":{"rendered":"Suero de Retinol al 2.5%"},"content":{"rendered":"<p><strong>DETALLES<\/strong><\/p>\n<p>El retinol (vitamina A) ayuda a la regeneraci\u00f3n celular, esto permite destapar los poros y mejorar la apariencia de l\u00edneas finas, arrugas, textura y tono de la piel. NO causa efecto peeling, descamaci\u00f3n ni enrojecimiento. Ideal para pieles maduras y\/o con marcas de acn\u00e9.<\/p>\n<p>Tama\u00f1o: 1 oz<\/p>\n","protected":false},"excerpt":{"rendered":"<p><strong>DETALLES<\/strong><\/p>\n<p>El retinol (vitamina A) ayuda a la regeneraci\u00f3n celular, esto permite destapar los poros y mejorar la apariencia de l\u00edneas finas, arrugas, textura y tono de la piel. NO causa efecto peeling, descamaci\u00f3n ni enrojecimiento. Ideal para pieles maduras y\/o con marcas de acn\u00e9.<\/p>\n<p>Tama\u00f1o: 1 oz<\/p>\n","protected":false},"featured_media":390,"comment_status":"open","ping_status":"closed","template":"","meta":[],"product_cat":[15],"product_tag":[],"class_list":{"0":"post-389","1":"product","2":"type-product","3":"status-publish","4":"has-post-thumbnail","6":"product_cat-uncategorized","8":"first","9":"instock","10":"featured","11":"shipping-taxable","12":"purchasable","13":"product-type-simple"},"_links":{"self":[{"href":"https:\/\/cosmedica.medisupplymx.com\/index.php?rest_route=\/wp\/v2\/product\/389","targetHints":{"allow":["GET"]}}],"collection":[{"href":"https:\/\/cosmedica.medisupplymx.com\/index.php?rest_route=\/wp\/v2\/product"}],"about":[{"href":"https:\/\/cosmedica.medisupplymx.com\/index.php?rest_route=\/wp\/v2\/types\/product"}],"replies":[{"embeddable":true,"href":"https:\/\/cosmedica.medisupplymx.com\/index.php?rest_route=%2Fwp%2Fv2%2Fcomments&post=389"}],"wp:featuredmedia":[{"embeddable":true,"href":"https:\/\/cosmedica.medisupplymx.com\/index.php?rest_route=\/wp\/v2\/media\/390"}],"wp:attachment":[{"href":"https:\/\/cosmedica.medisupplymx.com\/index.php?rest_route=%2Fwp%2Fv2%2Fmedia&parent=389"}],"wp:term":[{"taxonomy":"product_cat","embeddable":true,"href":"https:\/\/cosmedica.medisupplymx.com\/index.php?rest_route=%2Fwp%2Fv2%2Fproduct_cat&post=389"},{"taxonomy":"product_tag","embeddable":true,"href":"https:\/\/cosmedica.medisupplymx.com\/index.php?rest_route=%2Fwp%2Fv2%2Fproduct_tag&post=389"}],"curies":[{"name":"wp","href":"https:\/\/api.w.org\/{rel}","templated":true}]}}