{"id":375,"date":"2024-06-17T21:05:42","date_gmt":"2024-06-17T21:05:42","guid":{"rendered":"https:\/\/cosmedica.medisupplymx.com\/?post_type=product&#038;p=375"},"modified":"2024-06-17T23:40:23","modified_gmt":"2024-06-17T23:40:23","slug":"crema-de-noche-hidratante-multiactiva","status":"publish","type":"product","link":"https:\/\/cosmedica.medisupplymx.com\/?product=crema-de-noche-hidratante-multiactiva","title":{"rendered":"Crema de Noche Hidratante Multiactiva"},"content":{"rendered":"<p><strong>DETALLES<\/strong><\/p>\n<p>Formulada con una potente mezcla de ingredientes correctivos como \u00e1cido Hialur\u00f3nico y \u00e1cido alfa Hidroxi que reparan la piel dej\u00e1ndola m\u00e1s firme y tonificada. Mientras que la coenzima Q10, junto con el \u00e1cido hialur\u00f3nico, estimulan la regeneraci\u00f3n celular y la producci\u00f3n de col\u00e1geno, aumentando la elasticidad de la piel.<\/p>\n<p>Detecta, dirige y corrige los signos del envejecimiento y ayuda a reducir la apariencia de l\u00edneas finas y arrugas. Infunde a la piel vitaminas y antioxidantes, evitando el da\u00f1o de los radicales libres, los factores ambientales y de la edad.<\/p>\n<p>Ideal para nutrir tu piel mientras duermes.<\/p>\n<p>Tama\u00f1o: 1. 7 oz<\/p>\n","protected":false},"excerpt":{"rendered":"<p><strong>DETALLES<\/strong><\/p>\n<p>Formulada con una potente mezcla de ingredientes correctivos como \u00e1cido Hialur\u00f3nico y \u00e1cido alfa Hidroxi que reparan la piel dej\u00e1ndola m\u00e1s firme y tonificada. Mientras que la coenzima Q10, junto con el \u00e1cido hialur\u00f3nico, estimulan la regeneraci\u00f3n celular y la producci\u00f3n de col\u00e1geno, aumentando la elasticidad de la piel.<\/p>\n<p>Detecta, dirige y corrige los signos del envejecimiento y ayuda a reducir la apariencia de l\u00edneas finas y arrugas. Infunde a la piel vitaminas y antioxidantes, evitando el da\u00f1o de los radicales libres, los factores ambientales y de la edad.<\/p>\n<p>Ideal para nutrir tu piel mientras duermes.<\/p>\n<p>Tama\u00f1o: 1. 7 oz<\/p>\n","protected":false},"featured_media":376,"comment_status":"open","ping_status":"closed","template":"","meta":[],"product_cat":[15],"product_tag":[],"class_list":{"0":"post-375","1":"product","2":"type-product","3":"status-publish","4":"has-post-thumbnail","6":"product_cat-uncategorized","8":"first","9":"instock","10":"featured","11":"shipping-taxable","12":"purchasable","13":"product-type-simple"},"_links":{"self":[{"href":"https:\/\/cosmedica.medisupplymx.com\/index.php?rest_route=\/wp\/v2\/product\/375","targetHints":{"allow":["GET"]}}],"collection":[{"href":"https:\/\/cosmedica.medisupplymx.com\/index.php?rest_route=\/wp\/v2\/product"}],"about":[{"href":"https:\/\/cosmedica.medisupplymx.com\/index.php?rest_route=\/wp\/v2\/types\/product"}],"replies":[{"embeddable":true,"href":"https:\/\/cosmedica.medisupplymx.com\/index.php?rest_route=%2Fwp%2Fv2%2Fcomments&post=375"}],"wp:featuredmedia":[{"embeddable":true,"href":"https:\/\/cosmedica.medisupplymx.com\/index.php?rest_route=\/wp\/v2\/media\/376"}],"wp:attachment":[{"href":"https:\/\/cosmedica.medisupplymx.com\/index.php?rest_route=%2Fwp%2Fv2%2Fmedia&parent=375"}],"wp:term":[{"taxonomy":"product_cat","embeddable":true,"href":"https:\/\/cosmedica.medisupplymx.com\/index.php?rest_route=%2Fwp%2Fv2%2Fproduct_cat&post=375"},{"taxonomy":"product_tag","embeddable":true,"href":"https:\/\/cosmedica.medisupplymx.com\/index.php?rest_route=%2Fwp%2Fv2%2Fproduct_tag&post=375"}],"curies":[{"name":"wp","href":"https:\/\/api.w.org\/{rel}","templated":true}]}}