{"id":270,"date":"2021-08-03T06:56:46","date_gmt":"2021-08-03T06:56:46","guid":{"rendered":"https:\/\/productshop.liquid-themes.com\/elementor\/?post_type=product&#038;p=16"},"modified":"2024-06-17T23:22:44","modified_gmt":"2024-06-17T23:22:44","slug":"eye-cream","status":"publish","type":"product","link":"https:\/\/cosmedica.medisupplymx.com\/?product=eye-cream","title":{"rendered":"Suero de \u00c1cido L\u00e1ctico al 5% + Hylasin"},"content":{"rendered":"<p>Suero facial con \u00e1cido l\u00e1ctico, alfa hidroxi\u00e1cido suave que promueve la renovaci\u00f3n celular, y HylasinTM que ayuda a aumentar los niveles de agua en la piel incrementando su elasticidad y luminosidad.<\/p>\n<p>Juntos, estos ingredientes trabajan para mejorar la apariencia de los signos del envejecimiento mientras dejan la piel\u00a0tersa.<\/p>\n<p>Est\u00e1 formulado con activos queratol\u00edticos suaves, emolientes y calmantes.<\/p>\n<p>Indicado para todo tipo de piel incluyendo las m\u00e1s sensibles y cuadyuvante para piel mixta a grasa de leve a moderada.<\/p>\n<p>Tama\u00f1o: 1 oz<\/p>\n","protected":false},"excerpt":{"rendered":"<p>Suero facial con \u00e1cido l\u00e1ctico, alfa hidroxi\u00e1cido suave que promueve la renovaci\u00f3n celular, y HylasinTM que ayuda a aumentar los niveles de agua en la piel incrementando su elasticidad y luminosidad.<\/p>\n<p>Juntos, estos ingredientes trabajan para mejorar la apariencia de los signos del envejecimiento mientras dejan la piel\u00a0tersa.<\/p>\n<p>Est\u00e1 formulado con activos queratol\u00edticos suaves, emolientes y calmantes.<\/p>\n<p>Indicado para todo tipo de piel incluyendo las m\u00e1s sensibles y cuadyuvante para piel mixta a grasa de leve a moderada.<\/p>\n<p>Tama\u00f1o: 1 oz<\/p>\n","protected":false},"featured_media":312,"comment_status":"open","ping_status":"closed","template":"","meta":[],"product_cat":[15],"product_tag":[],"class_list":{"0":"post-270","1":"product","2":"type-product","3":"status-publish","4":"has-post-thumbnail","6":"product_cat-uncategorized","8":"first","9":"instock","10":"featured","11":"shipping-taxable","12":"purchasable","13":"product-type-simple"},"_links":{"self":[{"href":"https:\/\/cosmedica.medisupplymx.com\/index.php?rest_route=\/wp\/v2\/product\/270","targetHints":{"allow":["GET"]}}],"collection":[{"href":"https:\/\/cosmedica.medisupplymx.com\/index.php?rest_route=\/wp\/v2\/product"}],"about":[{"href":"https:\/\/cosmedica.medisupplymx.com\/index.php?rest_route=\/wp\/v2\/types\/product"}],"replies":[{"embeddable":true,"href":"https:\/\/cosmedica.medisupplymx.com\/index.php?rest_route=%2Fwp%2Fv2%2Fcomments&post=270"}],"wp:featuredmedia":[{"embeddable":true,"href":"https:\/\/cosmedica.medisupplymx.com\/index.php?rest_route=\/wp\/v2\/media\/312"}],"wp:attachment":[{"href":"https:\/\/cosmedica.medisupplymx.com\/index.php?rest_route=%2Fwp%2Fv2%2Fmedia&parent=270"}],"wp:term":[{"taxonomy":"product_cat","embeddable":true,"href":"https:\/\/cosmedica.medisupplymx.com\/index.php?rest_route=%2Fwp%2Fv2%2Fproduct_cat&post=270"},{"taxonomy":"product_tag","embeddable":true,"href":"https:\/\/cosmedica.medisupplymx.com\/index.php?rest_route=%2Fwp%2Fv2%2Fproduct_tag&post=270"}],"curies":[{"name":"wp","href":"https:\/\/api.w.org\/{rel}","templated":true}]}}