{"id":268,"date":"2021-08-03T06:56:46","date_gmt":"2021-08-03T06:56:46","guid":{"rendered":"https:\/\/productshop.liquid-themes.com\/elementor\/?post_type=product&#038;p=14"},"modified":"2024-06-17T23:19:56","modified_gmt":"2024-06-17T23:19:56","slug":"day-cream","status":"publish","type":"product","link":"https:\/\/cosmedica.medisupplymx.com\/?product=day-cream","title":{"rendered":"Tratamiento Iluminador de Ojos"},"content":{"rendered":"<p>Tratamiento de renovaci\u00f3n celular que aclara la piel opaca y oscura del contorno de ojos, reduciendo las l\u00edneas finas.<\/p>\n<p>Poderosa combinaci\u00f3n de \u00c1cido Hialur\u00f3nico, Vitamina C, \u00c1cido glic\u00f3lico, \u00c1cido K\u00f3jico y aceite de pepita de uva que ayudan a restaurar la elasticidad, unificar el tono y textura de la piel para corregir las ojeras y opacidad.<\/p>\n<p>Tama\u00f1o: 0.5 oz<\/p>\n","protected":false},"excerpt":{"rendered":"<p>Tratamiento de renovaci\u00f3n celular que aclara la piel opaca y oscura del contorno de ojos, reduciendo las l\u00edneas finas.<\/p>\n<p>Poderosa combinaci\u00f3n de \u00c1cido Hialur\u00f3nico, Vitamina C, \u00c1cido glic\u00f3lico, \u00c1cido K\u00f3jico y aceite de pepita de uva que ayudan a restaurar la elasticidad, unificar el tono y textura de la piel para corregir las ojeras y opacidad.<\/p>\n<p>Tama\u00f1o: 0.5 oz<\/p>\n","protected":false},"featured_media":324,"comment_status":"open","ping_status":"closed","template":"","meta":[],"product_cat":[15],"product_tag":[],"class_list":{"0":"post-268","1":"product","2":"type-product","3":"status-publish","4":"has-post-thumbnail","6":"product_cat-uncategorized","8":"first","9":"instock","10":"featured","11":"shipping-taxable","12":"purchasable","13":"product-type-simple"},"_links":{"self":[{"href":"https:\/\/cosmedica.medisupplymx.com\/index.php?rest_route=\/wp\/v2\/product\/268","targetHints":{"allow":["GET"]}}],"collection":[{"href":"https:\/\/cosmedica.medisupplymx.com\/index.php?rest_route=\/wp\/v2\/product"}],"about":[{"href":"https:\/\/cosmedica.medisupplymx.com\/index.php?rest_route=\/wp\/v2\/types\/product"}],"replies":[{"embeddable":true,"href":"https:\/\/cosmedica.medisupplymx.com\/index.php?rest_route=%2Fwp%2Fv2%2Fcomments&post=268"}],"wp:featuredmedia":[{"embeddable":true,"href":"https:\/\/cosmedica.medisupplymx.com\/index.php?rest_route=\/wp\/v2\/media\/324"}],"wp:attachment":[{"href":"https:\/\/cosmedica.medisupplymx.com\/index.php?rest_route=%2Fwp%2Fv2%2Fmedia&parent=268"}],"wp:term":[{"taxonomy":"product_cat","embeddable":true,"href":"https:\/\/cosmedica.medisupplymx.com\/index.php?rest_route=%2Fwp%2Fv2%2Fproduct_cat&post=268"},{"taxonomy":"product_tag","embeddable":true,"href":"https:\/\/cosmedica.medisupplymx.com\/index.php?rest_route=%2Fwp%2Fv2%2Fproduct_tag&post=268"}],"curies":[{"name":"wp","href":"https:\/\/api.w.org\/{rel}","templated":true}]}}