{"id":267,"date":"2021-08-03T06:56:46","date_gmt":"2021-08-03T06:56:46","guid":{"rendered":"https:\/\/productshop.liquid-themes.com\/elementor\/?post_type=product&#038;p=13"},"modified":"2024-06-17T23:17:18","modified_gmt":"2024-06-17T23:17:18","slug":"face-serum","status":"publish","type":"product","link":"https:\/\/cosmedica.medisupplymx.com\/?product=face-serum","title":{"rendered":"Mascarilla Luminosa de Calabaza"},"content":{"rendered":"<p>Mascarilla con AHA (\u00e1cidos alfa hidroxi) exfoliantes naturales. Mascarilla con calabaza rica en vitaminas A y C que proporciona protecci\u00f3n antioxidante y ayuda a aumentar la producci\u00f3n de col\u00e1geno en la piel.<\/p>\n<p>Adicionada con enzimas frutales que, aumentan de la renovaci\u00f3n celular, el brillo y los AHA, iluminan y ayudan a mejorar la textura de la piel a medida que nos acercamos a los meses de oto\u00f1o e invierno.<\/p>\n<p>Beneficios: Acci\u00f3n sebo reguladora, proporciona una gran protecci\u00f3n de barrera y brinda hidrataci\u00f3n esencial para la piel. Ideal para las pieles grasas.<\/p>\n","protected":false},"excerpt":{"rendered":"<p>Mascarilla con AHA (\u00e1cidos alfa hidroxi) exfoliantes naturales. Mascarilla con calabaza rica en vitaminas A y C que proporciona protecci\u00f3n antioxidante y ayuda a aumentar la producci\u00f3n de col\u00e1geno en la piel.<\/p>\n<p>Adicionada con enzimas frutales que, aumentan de la renovaci\u00f3n celular, el brillo y los AHA, iluminan y ayudan a mejorar la textura de la piel a medida que nos acercamos a los meses de oto\u00f1o e invierno.<\/p>\n<p>Beneficios: Acci\u00f3n sebo reguladora, proporciona una gran protecci\u00f3n de barrera y brinda hidrataci\u00f3n esencial para la piel. Ideal para las pieles grasas.<\/p>\n","protected":false},"featured_media":330,"comment_status":"open","ping_status":"closed","template":"","meta":[],"product_cat":[15],"product_tag":[],"class_list":{"0":"post-267","1":"product","2":"type-product","3":"status-publish","4":"has-post-thumbnail","6":"product_cat-uncategorized","8":"first","9":"instock","10":"featured","11":"shipping-taxable","12":"purchasable","13":"product-type-simple"},"_links":{"self":[{"href":"https:\/\/cosmedica.medisupplymx.com\/index.php?rest_route=\/wp\/v2\/product\/267","targetHints":{"allow":["GET"]}}],"collection":[{"href":"https:\/\/cosmedica.medisupplymx.com\/index.php?rest_route=\/wp\/v2\/product"}],"about":[{"href":"https:\/\/cosmedica.medisupplymx.com\/index.php?rest_route=\/wp\/v2\/types\/product"}],"replies":[{"embeddable":true,"href":"https:\/\/cosmedica.medisupplymx.com\/index.php?rest_route=%2Fwp%2Fv2%2Fcomments&post=267"}],"wp:featuredmedia":[{"embeddable":true,"href":"https:\/\/cosmedica.medisupplymx.com\/index.php?rest_route=\/wp\/v2\/media\/330"}],"wp:attachment":[{"href":"https:\/\/cosmedica.medisupplymx.com\/index.php?rest_route=%2Fwp%2Fv2%2Fmedia&parent=267"}],"wp:term":[{"taxonomy":"product_cat","embeddable":true,"href":"https:\/\/cosmedica.medisupplymx.com\/index.php?rest_route=%2Fwp%2Fv2%2Fproduct_cat&post=267"},{"taxonomy":"product_tag","embeddable":true,"href":"https:\/\/cosmedica.medisupplymx.com\/index.php?rest_route=%2Fwp%2Fv2%2Fproduct_tag&post=267"}],"curies":[{"name":"wp","href":"https:\/\/api.w.org\/{rel}","templated":true}]}}