{"id":25,"date":"2021-08-03T06:56:47","date_gmt":"2021-08-03T06:56:47","guid":{"rendered":"https:\/\/productshop.liquid-themes.com\/elementor\/?post_type=product&#038;p=25"},"modified":"2024-06-17T23:39:55","modified_gmt":"2024-06-17T23:39:55","slug":"sun-screen","status":"publish","type":"product","link":"https:\/\/cosmedica.medisupplymx.com\/?product=sun-screen","title":{"rendered":"Exfoliante Facial con \u00c1cido Glic\u00f3lico al 2.5%"},"content":{"rendered":"<p>El \u00e1cido glic\u00f3lico acelera el proceso de exfoliaci\u00f3n, elimina impurezas y c\u00e9lulas muertas.\u00a0Adicionado con \u00e1cido K\u00f3jico poderoso aclarante, \u00e1cido salic\u00edlico que ayuda a prevenir brotes y cuentas de jojoba que ayudan a pulir la piel y destapar los poros. Ideal para piel grasa.<\/p>\n<p>Tama\u00f1o: 2 oz<\/p>\n","protected":false},"excerpt":{"rendered":"<p>El \u00e1cido glic\u00f3lico acelera el proceso de exfoliaci\u00f3n, elimina impurezas y c\u00e9lulas muertas.\u00a0Adicionado con \u00e1cido K\u00f3jico poderoso aclarante, \u00e1cido salic\u00edlico que ayuda a prevenir brotes y cuentas de jojoba que ayudan a pulir la piel y destapar los poros. Ideal para piel grasa.<\/p>\n<p>Tama\u00f1o: 2 oz<\/p>\n","protected":false},"featured_media":299,"comment_status":"open","ping_status":"closed","template":"","meta":[],"product_cat":[15],"product_tag":[],"class_list":{"0":"post-25","1":"product","2":"type-product","3":"status-publish","4":"has-post-thumbnail","6":"product_cat-uncategorized","8":"first","9":"instock","10":"featured","11":"shipping-taxable","12":"purchasable","13":"product-type-simple"},"_links":{"self":[{"href":"https:\/\/cosmedica.medisupplymx.com\/index.php?rest_route=\/wp\/v2\/product\/25","targetHints":{"allow":["GET"]}}],"collection":[{"href":"https:\/\/cosmedica.medisupplymx.com\/index.php?rest_route=\/wp\/v2\/product"}],"about":[{"href":"https:\/\/cosmedica.medisupplymx.com\/index.php?rest_route=\/wp\/v2\/types\/product"}],"replies":[{"embeddable":true,"href":"https:\/\/cosmedica.medisupplymx.com\/index.php?rest_route=%2Fwp%2Fv2%2Fcomments&post=25"}],"wp:featuredmedia":[{"embeddable":true,"href":"https:\/\/cosmedica.medisupplymx.com\/index.php?rest_route=\/wp\/v2\/media\/299"}],"wp:attachment":[{"href":"https:\/\/cosmedica.medisupplymx.com\/index.php?rest_route=%2Fwp%2Fv2%2Fmedia&parent=25"}],"wp:term":[{"taxonomy":"product_cat","embeddable":true,"href":"https:\/\/cosmedica.medisupplymx.com\/index.php?rest_route=%2Fwp%2Fv2%2Fproduct_cat&post=25"},{"taxonomy":"product_tag","embeddable":true,"href":"https:\/\/cosmedica.medisupplymx.com\/index.php?rest_route=%2Fwp%2Fv2%2Fproduct_tag&post=25"}],"curies":[{"name":"wp","href":"https:\/\/api.w.org\/{rel}","templated":true}]}}