{"id":22,"date":"2021-08-03T06:56:46","date_gmt":"2021-08-03T06:56:46","guid":{"rendered":"https:\/\/productshop.liquid-themes.com\/elementor\/?post_type=product&#038;p=22"},"modified":"2024-06-17T23:17:55","modified_gmt":"2024-06-17T23:17:55","slug":"body-oil","status":"publish","type":"product","link":"https:\/\/cosmedica.medisupplymx.com\/?product=body-oil","title":{"rendered":"Mascarilla de Carb\u00f3n Activado"},"content":{"rendered":"<p>Detox profundo para tu piel.<\/p>\n<p>Cosmedica Skincare Deep Detox Charcoal Mask, desintoxica y purifica tu piel, ayuda a revelar los poros obstruidos por suciedad y\/o restos de maquillaje o part\u00edculas de la contaminaci\u00f3n. El carb\u00f3n, la arcilla de caol\u00edn y la bentonita provocan un efecto de exfoliaci\u00f3n suave y ayudan a eliminar el exceso de grasa, toxinas y c\u00e9lulas muertas de la piel para una sensaci\u00f3n m\u00e1s suave y un brillo radiante. Minimiza el tama\u00f1o de los poros y revela un tono y una textura m\u00e1s brillantes y uniformes.<\/p>\n","protected":false},"excerpt":{"rendered":"<p>Detox profundo para tu piel.<\/p>\n<p>Cosmedica Skincare Deep Detox Charcoal Mask, desintoxica y purifica tu piel, ayuda a revelar los poros obstruidos por suciedad y\/o restos de maquillaje o part\u00edculas de la contaminaci\u00f3n. El carb\u00f3n, la arcilla de caol\u00edn y la bentonita provocan un efecto de exfoliaci\u00f3n suave y ayudan a eliminar el exceso de grasa, toxinas y c\u00e9lulas muertas de la piel para una sensaci\u00f3n m\u00e1s suave y un brillo radiante. Minimiza el tama\u00f1o de los poros y revela un tono y una textura m\u00e1s brillantes y uniformes.<\/p>\n","protected":false},"featured_media":344,"comment_status":"open","ping_status":"closed","template":"","meta":[],"product_cat":[15],"product_tag":[],"class_list":{"0":"post-22","1":"product","2":"type-product","3":"status-publish","4":"has-post-thumbnail","6":"product_cat-uncategorized","8":"first","9":"instock","10":"featured","11":"shipping-taxable","12":"purchasable","13":"product-type-simple"},"_links":{"self":[{"href":"https:\/\/cosmedica.medisupplymx.com\/index.php?rest_route=\/wp\/v2\/product\/22","targetHints":{"allow":["GET"]}}],"collection":[{"href":"https:\/\/cosmedica.medisupplymx.com\/index.php?rest_route=\/wp\/v2\/product"}],"about":[{"href":"https:\/\/cosmedica.medisupplymx.com\/index.php?rest_route=\/wp\/v2\/types\/product"}],"replies":[{"embeddable":true,"href":"https:\/\/cosmedica.medisupplymx.com\/index.php?rest_route=%2Fwp%2Fv2%2Fcomments&post=22"}],"wp:featuredmedia":[{"embeddable":true,"href":"https:\/\/cosmedica.medisupplymx.com\/index.php?rest_route=\/wp\/v2\/media\/344"}],"wp:attachment":[{"href":"https:\/\/cosmedica.medisupplymx.com\/index.php?rest_route=%2Fwp%2Fv2%2Fmedia&parent=22"}],"wp:term":[{"taxonomy":"product_cat","embeddable":true,"href":"https:\/\/cosmedica.medisupplymx.com\/index.php?rest_route=%2Fwp%2Fv2%2Fproduct_cat&post=22"},{"taxonomy":"product_tag","embeddable":true,"href":"https:\/\/cosmedica.medisupplymx.com\/index.php?rest_route=%2Fwp%2Fv2%2Fproduct_tag&post=22"}],"curies":[{"name":"wp","href":"https:\/\/api.w.org\/{rel}","templated":true}]}}