{"id":20,"date":"2021-08-03T06:56:46","date_gmt":"2021-08-03T06:56:46","guid":{"rendered":"https:\/\/productshop.liquid-themes.com\/elementor\/?post_type=product&#038;p=20"},"modified":"2024-06-17T20:59:44","modified_gmt":"2024-06-17T20:59:44","slug":"bb-cream","status":"publish","type":"product","link":"https:\/\/cosmedica.medisupplymx.com\/?product=bb-cream","title":{"rendered":"Mini Sueros"},"content":{"rendered":"<p><strong>Nuestros sueros m\u00e1s potentes en tama\u00f1o mini.<\/strong><\/p>\n<p>El suero de \u00e1cido hialur\u00f3nico puro proporciona hidrataci\u00f3n y el poder molecular de 1000 veces su peso en agua.\u00a0El S\u00faper Suero de Vitamina C combina una triple protecci\u00f3n antioxidante para iluminar la tez apagada.\u00a0Suero de retinol al 2.5% estimula la renovaci\u00f3n celular y promueve el col\u00e1geno para una piel m\u00e1s radiante y saludable.<\/p>\n<p>CONTIENE: 3 sueros de 5 ml<\/p>\n","protected":false},"excerpt":{"rendered":"<p><strong>Nuestros sueros m\u00e1s potentes en tama\u00f1o mini.<\/strong><\/p>\n<p>El suero de \u00e1cido hialur\u00f3nico puro proporciona hidrataci\u00f3n y el poder molecular de 1000 veces su peso en agua.\u00a0El S\u00faper Suero de Vitamina C combina una triple protecci\u00f3n antioxidante para iluminar la tez apagada.\u00a0Suero de retinol al 2.5% estimula la renovaci\u00f3n celular y promueve el col\u00e1geno para una piel m\u00e1s radiante y saludable.<\/p>\n<p>CONTIENE: 3 sueros de 5 ml<\/p>\n","protected":false},"featured_media":350,"comment_status":"open","ping_status":"closed","template":"","meta":[],"product_cat":[15],"product_tag":[],"class_list":{"0":"post-20","1":"product","2":"type-product","3":"status-publish","4":"has-post-thumbnail","6":"product_cat-uncategorized","8":"first","9":"instock","10":"featured","11":"shipping-taxable","12":"purchasable","13":"product-type-simple"},"_links":{"self":[{"href":"https:\/\/cosmedica.medisupplymx.com\/index.php?rest_route=\/wp\/v2\/product\/20","targetHints":{"allow":["GET"]}}],"collection":[{"href":"https:\/\/cosmedica.medisupplymx.com\/index.php?rest_route=\/wp\/v2\/product"}],"about":[{"href":"https:\/\/cosmedica.medisupplymx.com\/index.php?rest_route=\/wp\/v2\/types\/product"}],"replies":[{"embeddable":true,"href":"https:\/\/cosmedica.medisupplymx.com\/index.php?rest_route=%2Fwp%2Fv2%2Fcomments&post=20"}],"wp:featuredmedia":[{"embeddable":true,"href":"https:\/\/cosmedica.medisupplymx.com\/index.php?rest_route=\/wp\/v2\/media\/350"}],"wp:attachment":[{"href":"https:\/\/cosmedica.medisupplymx.com\/index.php?rest_route=%2Fwp%2Fv2%2Fmedia&parent=20"}],"wp:term":[{"taxonomy":"product_cat","embeddable":true,"href":"https:\/\/cosmedica.medisupplymx.com\/index.php?rest_route=%2Fwp%2Fv2%2Fproduct_cat&post=20"},{"taxonomy":"product_tag","embeddable":true,"href":"https:\/\/cosmedica.medisupplymx.com\/index.php?rest_route=%2Fwp%2Fv2%2Fproduct_tag&post=20"}],"curies":[{"name":"wp","href":"https:\/\/api.w.org\/{rel}","templated":true}]}}