{"id":18,"date":"2021-08-03T06:56:46","date_gmt":"2021-08-03T06:56:46","guid":{"rendered":"https:\/\/productshop.liquid-themes.com\/elementor\/?post_type=product&#038;p=18"},"modified":"2024-06-17T23:58:42","modified_gmt":"2024-06-17T23:58:42","slug":"face-masks","status":"publish","type":"product","link":"https:\/\/cosmedica.medisupplymx.com\/?product=face-masks","title":{"rendered":"Mascarilla Hidratante de \u00c1cido Hialur\u00f3nico 1Oz."},"content":{"rendered":"<p><strong>DETALLES<\/strong><\/p>\n<p>El \u00e1cido hialur\u00f3nico ayuda a reducir las l\u00edneas finas, arrugas y las manchas oscuras, mol\u00e9cula hidratante que retiene hasta 1000 veces su peso en agua.<\/p>\n<p>Suero PURO que brinda una hidrataci\u00f3n profunda, duradera e intensa a todas las capas de la piel. Brinda a tu piel un toque de luminiscencia juvenil. Ideal para todo tipo de piel.<\/p>\n<p>El \u00e1cido hialur\u00f3nico de Cosmedica Skincare es hipoalerg\u00e9nico y ha sido aprobado cl\u00ednicamente para ser seguro incluso en pieles sensibles.<\/p>\n<p>Tama\u00f1o: 1, 2, 4 y 8 oz<\/p>\n","protected":false},"excerpt":{"rendered":"<p><strong>DETALLES<\/strong><\/p>\n<p>El \u00e1cido hialur\u00f3nico ayuda a reducir las l\u00edneas finas, arrugas y las manchas oscuras, mol\u00e9cula hidratante que retiene hasta 1000 veces su peso en agua.<\/p>\n<p>Suero PURO que brinda una hidrataci\u00f3n profunda, duradera e intensa a todas las capas de la piel. Brinda a tu piel un toque de luminiscencia juvenil. Ideal para todo tipo de piel.<\/p>\n<p>El \u00e1cido hialur\u00f3nico de Cosmedica Skincare es hipoalerg\u00e9nico y ha sido aprobado cl\u00ednicamente para ser seguro incluso en pieles sensibles.<\/p>\n<p>Tama\u00f1o: 1, 2, 4 y 8 oz<\/p>\n","protected":false},"featured_media":363,"comment_status":"open","ping_status":"closed","template":"","meta":[],"product_cat":[15],"product_tag":[],"class_list":{"0":"post-18","1":"product","2":"type-product","3":"status-publish","4":"has-post-thumbnail","6":"product_cat-uncategorized","8":"first","9":"instock","10":"shipping-taxable","11":"purchasable","12":"product-type-simple"},"_links":{"self":[{"href":"https:\/\/cosmedica.medisupplymx.com\/index.php?rest_route=\/wp\/v2\/product\/18","targetHints":{"allow":["GET"]}}],"collection":[{"href":"https:\/\/cosmedica.medisupplymx.com\/index.php?rest_route=\/wp\/v2\/product"}],"about":[{"href":"https:\/\/cosmedica.medisupplymx.com\/index.php?rest_route=\/wp\/v2\/types\/product"}],"replies":[{"embeddable":true,"href":"https:\/\/cosmedica.medisupplymx.com\/index.php?rest_route=%2Fwp%2Fv2%2Fcomments&post=18"}],"wp:featuredmedia":[{"embeddable":true,"href":"https:\/\/cosmedica.medisupplymx.com\/index.php?rest_route=\/wp\/v2\/media\/363"}],"wp:attachment":[{"href":"https:\/\/cosmedica.medisupplymx.com\/index.php?rest_route=%2Fwp%2Fv2%2Fmedia&parent=18"}],"wp:term":[{"taxonomy":"product_cat","embeddable":true,"href":"https:\/\/cosmedica.medisupplymx.com\/index.php?rest_route=%2Fwp%2Fv2%2Fproduct_cat&post=18"},{"taxonomy":"product_tag","embeddable":true,"href":"https:\/\/cosmedica.medisupplymx.com\/index.php?rest_route=%2Fwp%2Fv2%2Fproduct_tag&post=18"}],"curies":[{"name":"wp","href":"https:\/\/api.w.org\/{rel}","templated":true}]}}